{"id":484,"date":"2024-03-18T07:06:32","date_gmt":"2024-03-18T04:06:32","guid":{"rendered":"https:\/\/kornoktatarayici.com\/yetkili-saticilar\/"},"modified":"2024-07-12T16:42:32","modified_gmt":"2024-07-12T13:42:32","slug":"authorized-dealers","status":"publish","type":"page","link":"https:\/\/kornoktatarayici.com\/en\/authorized-dealers\/","title":{"rendered":"Authorized Dealers"},"content":{"rendered":"<section class=\"bde-section-484-104 bde-section\">\n  \n\t\n\n\n\n<div class=\"section-container\"><h2 class=\"bde-heading-484-106 bde-heading\">\nMotorcu G\u00f6\u00e7men Spidi Concept\n<\/h2><div class=\"bde-text-484-107 bde-text\">\nKahramanlar Mahallesi 1369 Sokak No: 7<br>Konak \/ \u0130zmir\n<\/div><div class=\"bde-columns-484-108 bde-columns\"><div class=\"bde-column-484-109 bde-column\">\n  \n\t\n\n\n\n<div class=\"bde-text-484-110 bde-text\">\nEmail\n<\/div><div class=\"bde-text-484-111 bde-text\">\nmotorcugocmen@gmail.com\n<\/div>\n<\/div><\/div><\/div>\n<\/section><section class=\"bde-section-484-160 bde-section\">\n  \n\t\n\n\n\n<div class=\"section-container\"><h2 class=\"bde-heading-484-161 bde-heading\">\nDr. Bike Goldwing\n<\/h2><div class=\"bde-text-484-162 bde-text\">\nAtat\u00fcrk Oto Sanayi Sitesi 35. Sokak 1442<br>Maslak \/ \u0130stanbul\n<\/div><div class=\"bde-columns-484-163 bde-columns\"><div class=\"bde-column-484-164 bde-column\">\n  \n\t\n\n\n\n<div class=\"bde-text-484-165 bde-text\">\nPhone\n<\/div><div class=\"bde-text-484-166 bde-text\">\n+90 212 285 4221\n<\/div>\n<\/div><div class=\"bde-column-484-167 bde-column\">\n  \n\t\n\n\n\n<div class=\"bde-text-484-168 bde-text\">\nGSM\n<\/div><div class=\"bde-text-484-169 bde-text\">\n+90 530 290 6381\n<\/div>\n<\/div><\/div><\/div>\n<\/section><section class=\"bde-section-484-170 bde-section\">\n  \n\t\n\n\n\n<div class=\"section-container\"><h2 class=\"bde-heading-484-171 bde-heading\">\nK\u0131vrak Motor\n<\/h2><div class=\"bde-text-484-172 bde-text\">\nK\u0131br\u0131s \u015eehitleri Cad. No:403<br>Bodrum \/ Mu\u011fla\n<\/div><div class=\"bde-columns-484-173 bde-columns\"><div class=\"bde-column-484-177 bde-column\">\n  \n\t\n\n\n\n<div class=\"bde-text-484-178 bde-text\">\nWebsite\n<\/div><div class=\"bde-text-484-179 bde-text\">\nkivrakmotor.com\n<\/div>\n<\/div><div class=\"bde-column-484-174 bde-column\">\n  \n\t\n\n\n\n<div class=\"bde-text-484-175 bde-text\">\nPhone\n<\/div><div class=\"bde-text-484-176 bde-text\">\n+90 252 319 11 34\n<\/div>\n<\/div><\/div><\/div>\n<\/section><section class=\"bde-section-484-180 bde-section\">\n  \n\t\n\n\n\n<div class=\"section-container\"><h2 class=\"bde-heading-484-181 bde-heading\">\nBilen Motosiklet\n<\/h2><div class=\"bde-text-484-182 bde-text\">\n\u015eirinevler Mah. Mare\u015fal Fevzi \u00c7akmak Cad. 1. Sk. No:32\/A<br>Bah\u00e7elievler \/ \u0130stanbul\n<\/div><div class=\"bde-columns-484-183 bde-columns\"><div class=\"bde-column-484-184 bde-column\">\n  \n\t\n\n\n\n<div class=\"bde-text-484-185 bde-text\">\nGSM\n<\/div><div class=\"bde-text-484-186 bde-text\">\n+90 533 739 2121\n<\/div>\n<\/div><div class=\"bde-column-484-187 bde-column\">\n  \n\t\n\n\n\n<div class=\"bde-text-484-188 bde-text\">\nGSM\n<\/div><div class=\"bde-text-484-189 bde-text\">\n+90 553 373 41 88\n<\/div>\n<\/div><\/div><\/div>\n<\/section><section class=\"bde-section-484-190 bde-section\">\n  \n\t\n\n\n\n<div class=\"section-container\"><h2 class=\"bde-heading-484-191 bde-heading\">\nKavasaki \u0130zmir\n<\/h2><div class=\"bde-text-484-192 bde-text\">\nKahramanlar Mahallesi 1369 Sokak No: 4<br>Konak \/ \u0130zmir\n<\/div><div class=\"bde-columns-484-193 bde-columns\"><div class=\"bde-column-484-197 bde-column\">\n  \n\t\n\n\n\n<div class=\"bde-text-484-198 bde-text\">\nEmail\n<\/div><div class=\"bde-text-484-199 bde-text\">\ndestek@motorcugocmen.com\n<\/div>\n<\/div><div class=\"bde-column-484-194 bde-column\">\n  \n\t\n\n\n\n<div class=\"bde-text-484-195 bde-text\">\nPhone\n<\/div><div class=\"bde-text-484-196 bde-text\">\n+90 232 484 93 12\n<\/div>\n<\/div><\/div><\/div>\n<\/section><section class=\"bde-section-484-200 bde-section\">\n  \n\t\n\n\n\n<div class=\"section-container\"><h2 class=\"bde-heading-484-201 bde-heading\">\nCnr Motor\n<\/h2><div class=\"bde-text-484-202 bde-text\">\nAtat\u00fcrk Mahallesi 672 Sokak No: 2<br>\u00a0Salihli \/ Manisa\n<\/div><div class=\"bde-columns-484-203 bde-columns\"><div class=\"bde-column-484-207 bde-column\">\n  \n\t\n\n\n\n<div class=\"bde-text-484-208 bde-text\">\nEmail\n<\/div><div class=\"bde-text-484-209 bde-text\">\ndestek@motorcugocmen.com\n<\/div>\n<\/div><div class=\"bde-column-484-204 bde-column\">\n  \n\t\n\n\n\n<div class=\"bde-text-484-205 bde-text\">\nPhone\n<\/div><div class=\"bde-text-484-206 bde-text\">\n+90 232 484 93 12\n<\/div>\n<\/div><\/div><\/div>\n<\/section><section class=\"bde-section-484-210 bde-section\">\n  \n\t\n\n\n\n<div class=\"section-container\"><h2 class=\"bde-heading-484-211 bde-heading\">\nRetro Motosiklet Ltd. \u015eti.\n<\/h2><div class=\"bde-text-484-212 bde-text\">\nKemalpa\u015fa Mah. \u00c7evre You Blv. No: 103 <br>Menderes \/ \u0130zmir\n<\/div><div class=\"bde-columns-484-213 bde-columns\"><div class=\"bde-column-484-214 bde-column\">\n  \n\t\n\n\n\n<div class=\"bde-text-484-215 bde-text\">\nEmail\n<\/div><div class=\"bde-text-484-216 bde-text\">\ninfo@retromotosiklet.com\n<\/div>\n<\/div><div class=\"bde-column-484-217 bde-column\">\n  \n\t\n\n\n\n<div class=\"bde-text-484-218 bde-text\">\nPhone\n<\/div><div class=\"bde-text-484-219 bde-text\">\n+90 531 300 6000\n<\/div>\n<\/div><\/div><\/div>\n<\/section><section class=\"bde-section-484-220 bde-section\">\n  \n\t\n\n\n\n<div class=\"section-container\"><h2 class=\"bde-heading-484-221 bde-heading\">\nMototekno Republic Merkez\n<\/h2><div class=\"bde-text-484-222 bde-text\">\nKahramanlar Mahallesi 1396 Sokak No: 69\/A<br>Konak \/ \u0130zmir\n<\/div><div class=\"bde-columns-484-223 bde-columns\"><div class=\"bde-column-484-224 bde-column\">\n  \n\t\n\n\n\n<div class=\"bde-text-484-225 bde-text\">\nWebsite\n<\/div><div class=\"bde-text-484-226 bde-text\">\nmototeknorepublic.com\n<\/div>\n<\/div><div class=\"bde-column-484-230 bde-column\">\n  \n\t\n\n\n\n<div class=\"bde-text-484-231 bde-text\">\nEmail\n<\/div><div class=\"bde-text-484-232 bde-text\">\ninfo@kornoktatarayici.com\n<\/div>\n<\/div><div class=\"bde-column-484-227 bde-column\">\n  \n\t\n\n\n\n<div class=\"bde-text-484-228 bde-text\">\nPhone\n<\/div><div class=\"bde-text-484-229 bde-text\">\n+90 533 5678 868\n<\/div>\n<\/div><\/div><\/div>\n<\/section>","protected":false},"excerpt":{"rendered":"<p>Motorcu G\u00f6\u00e7men Spidi Concept Kahramanlar Mahallesi 1369 Sokak No: 7Konak \/ \u0130zmir Email motorcugocmen@gmail.com Dr. Bike Goldwing Atat\u00fcrk Oto Sanayi Sitesi 35. Sokak 1442Maslak \/ \u0130stanbul Phone +90 212 285 4221 GSM +90 530 290 6381 K\u0131vrak Motor K\u0131br\u0131s \u015eehitleri Cad. No:403Bodrum \/ Mu\u011fla Website kivrakmotor.com Phone +90 252 319 11 34 Bilen Motosiklet \u015eirinevler [&hellip;]<\/p>\n","protected":false},"author":24,"featured_media":0,"parent":0,"menu_order":0,"comment_status":"closed","ping_status":"closed","template":"","meta":{"_breakdance_hide_in_design_set":false,"_breakdance_tags":"","footnotes":""},"class_list":["post-484","page","type-page","status-publish","hentry"],"_links":{"self":[{"href":"https:\/\/kornoktatarayici.com\/en\/wp-json\/wp\/v2\/pages\/484","targetHints":{"allow":["GET"]}}],"collection":[{"href":"https:\/\/kornoktatarayici.com\/en\/wp-json\/wp\/v2\/pages"}],"about":[{"href":"https:\/\/kornoktatarayici.com\/en\/wp-json\/wp\/v2\/types\/page"}],"author":[{"embeddable":true,"href":"https:\/\/kornoktatarayici.com\/en\/wp-json\/wp\/v2\/users\/24"}],"replies":[{"embeddable":true,"href":"https:\/\/kornoktatarayici.com\/en\/wp-json\/wp\/v2\/comments?post=484"}],"version-history":[{"count":2,"href":"https:\/\/kornoktatarayici.com\/en\/wp-json\/wp\/v2\/pages\/484\/revisions"}],"predecessor-version":[{"id":486,"href":"https:\/\/kornoktatarayici.com\/en\/wp-json\/wp\/v2\/pages\/484\/revisions\/486"}],"wp:attachment":[{"href":"https:\/\/kornoktatarayici.com\/en\/wp-json\/wp\/v2\/media?parent=484"}],"curies":[{"name":"wp","href":"https:\/\/api.w.org\/{rel}","templated":true}]}}